{"id":228245,"date":"2022-01-13T09:42:13","date_gmt":"2022-01-13T08:42:13","guid":{"rendered":"https:\/\/stsg.fr\/ventajas-ocio-comenges\/"},"modified":"2023-04-12T12:06:05","modified_gmt":"2023-04-12T10:06:05","slug":"ventajas-ocio-comenges","status":"publish","type":"page","link":"https:\/\/stsg.fr\/es\/ventajas-ocio-comenges\/","title":{"rendered":"Ventajas-Ocio-Comenges"},"content":{"rendered":"\t\t<div data-elementor-type=\"wp-page\" data-elementor-id=\"228245\" class=\"elementor elementor-228245 elementor-223307\" data-elementor-post-type=\"page\">\n\t\t\t\t\t\t<section class=\"elementor-section elementor-top-section elementor-element elementor-element-4a6c087a elementor-section-content-middle elementor-reverse-mobile elementor-section-stretched elementor-section-boxed elementor-section-height-default elementor-section-height-default\" data-id=\"4a6c087a\" data-element_type=\"section\" data-e-type=\"section\" data-settings=\"{&quot;stretch_section&quot;:&quot;section-stretched&quot;}\">\n\t\t\t\t\t\t<div class=\"elementor-container elementor-column-gap-no\">\n\t\t\t\t\t<div class=\"elementor-column elementor-col-50 elementor-top-column elementor-element elementor-element-3388c64d\" data-id=\"3388c64d\" data-element_type=\"column\" data-e-type=\"column\">\n\t\t\t<div class=\"elementor-widget-wrap elementor-element-populated\">\n\t\t\t\t\t\t<div class=\"elementor-element elementor-element-7149084a elementor-widget-divider--view-line elementor-widget elementor-widget-divider\" data-id=\"7149084a\" data-element_type=\"widget\" data-e-type=\"widget\" data-widget_type=\"divider.default\">\n\t\t\t\t<div class=\"elementor-widget-container\">\n\t\t\t\t\t\t\t<div class=\"elementor-divider\">\n\t\t\t<span class=\"elementor-divider-separator\">\n\t\t\t\t\t\t<\/span>\n\t\t<\/div>\n\t\t\t\t\t\t<\/div>\n\t\t\t\t<\/div>\n\t\t\t\t<div class=\"elementor-element elementor-element-7d02c423 elementor-widget elementor-widget-text-editor\" data-id=\"7d02c423\" data-element_type=\"widget\" data-e-type=\"widget\" data-widget_type=\"text-editor.default\">\n\t\t\t\t<div class=\"elementor-widget-container\">\n\t\t\t\t\t\t\t\t\t<p>Creada en 2018, la asociaci\u00f3n Atouts Loisirs Comminges tiene como misi\u00f3n proporcionar a ni\u00f1os, j\u00f3venes y familias instalaciones de acogida, entretenimiento y ocio, as\u00ed como estancias de vacaciones, en horario peri y extraescolar.<\/p>\n<p>A trav\u00e9s de sus estructuras y acciones, la asociaci\u00f3n Atouts Loisirs Comminges desea posicionarse como un socio educativo de calidad para promover el desarrollo de los ni\u00f1os y j\u00f3venes que se le conf\u00edan. Una gesti\u00f3n ben\u00e9vola de los v\u00ednculos familia-escuela, por la ma\u00f1ana, y escuela-familia, por la tarde, es tambi\u00e9n un elemento esencial en nuestra voluntad de colaboraci\u00f3n con las familias y los docentes.<\/p>\n<p>Los diversos actores de la asociaci\u00f3n, cualquiera que sea su funci\u00f3n, est\u00e1n plenamente integrados en el complejo escolar Ste-Th\u00e9r\u00e8se. Esto permite una continuidad educativa real entre los diferentes actores de la jornada del ni\u00f1o.<\/p>\n\t\t\t\t\t\t\t\t<\/div>\n\t\t\t\t<\/div>\n\t\t\t\t\t<\/div>\n\t\t<\/div>\n\t\t\t\t<div class=\"elementor-column elementor-col-50 elementor-top-column elementor-element elementor-element-696ef628\" data-id=\"696ef628\" data-element_type=\"column\" data-e-type=\"column\">\n\t\t\t<div class=\"elementor-widget-wrap elementor-element-populated\">\n\t\t\t\t\t\t<div class=\"elementor-element elementor-element-1d10eec6 elementor-widget elementor-widget-image\" data-id=\"1d10eec6\" data-element_type=\"widget\" data-e-type=\"widget\" data-widget_type=\"image.default\">\n\t\t\t\t<div class=\"elementor-widget-container\">\n\t\t\t\t\t\t\t\t\t\t\t\t\t\t\t<img decoding=\"async\" width=\"300\" height=\"158\" src=\"https:\/\/stsg.fr\/wp-content\/uploads\/2022\/01\/Logo-ALC-300x158-1.png\" class=\"attachment-full size-full wp-image-227179\" alt=\"\" \/>\t\t\t\t\t\t\t\t\t\t\t\t\t\t\t<\/div>\n\t\t\t\t<\/div>\n\t\t\t\t\t<\/div>\n\t\t<\/div>\n\t\t\t\t\t<\/div>\n\t\t<\/section>\n\t\t\t\t<section class=\"elementor-section elementor-top-section elementor-element elementor-element-7986f72 elementor-section-boxed elementor-section-height-default elementor-section-height-default\" data-id=\"7986f72\" data-element_type=\"section\" data-e-type=\"section\">\n\t\t\t\t\t\t<div class=\"elementor-container elementor-column-gap-default\">\n\t\t\t\t\t<div class=\"elementor-column elementor-col-100 elementor-top-column elementor-element elementor-element-016776f\" data-id=\"016776f\" data-element_type=\"column\" data-e-type=\"column\">\n\t\t\t<div class=\"elementor-widget-wrap\">\n\t\t\t\t\t\t\t<\/div>\n\t\t<\/div>\n\t\t\t\t\t<\/div>\n\t\t<\/section>\n\t\t\t\t<\/div>\n\t\t","protected":false},"excerpt":{"rendered":"<p>Creada en 2018, la asociaci\u00f3n Atouts Loisirs Comminges tiene como misi\u00f3n proporcionar a ni\u00f1os, j\u00f3venes y familias instalaciones de acogida, entretenimiento y ocio, as\u00ed como estancias de vacaciones,&#8230;<\/p>\n","protected":false},"author":4,"featured_media":0,"parent":0,"menu_order":0,"comment_status":"closed","ping_status":"closed","template":"","meta":{"footnotes":""},"class_list":["post-228245","page","type-page","status-publish","hentry"],"aioseo_notices":[],"_links":{"self":[{"href":"https:\/\/stsg.fr\/es\/wp-json\/wp\/v2\/pages\/228245","targetHints":{"allow":["GET"]}}],"collection":[{"href":"https:\/\/stsg.fr\/es\/wp-json\/wp\/v2\/pages"}],"about":[{"href":"https:\/\/stsg.fr\/es\/wp-json\/wp\/v2\/types\/page"}],"author":[{"embeddable":true,"href":"https:\/\/stsg.fr\/es\/wp-json\/wp\/v2\/users\/4"}],"replies":[{"embeddable":true,"href":"https:\/\/stsg.fr\/es\/wp-json\/wp\/v2\/comments?post=228245"}],"version-history":[{"count":2,"href":"https:\/\/stsg.fr\/es\/wp-json\/wp\/v2\/pages\/228245\/revisions"}],"predecessor-version":[{"id":228371,"href":"https:\/\/stsg.fr\/es\/wp-json\/wp\/v2\/pages\/228245\/revisions\/228371"}],"wp:attachment":[{"href":"https:\/\/stsg.fr\/es\/wp-json\/wp\/v2\/media?parent=228245"}],"curies":[{"name":"wp","href":"https:\/\/api.w.org\/{rel}","templated":true}]}}