{"id":228143,"date":"2022-02-17T11:07:37","date_gmt":"2022-02-17T10:07:37","guid":{"rendered":"https:\/\/stsg.fr\/visita-virtual\/"},"modified":"2023-04-12T12:30:38","modified_gmt":"2023-04-12T10:30:38","slug":"visita-virtual","status":"publish","type":"page","link":"https:\/\/stsg.fr\/es\/visita-virtual\/","title":{"rendered":"Visita virtual"},"content":{"rendered":"\t\t<div data-elementor-type=\"wp-page\" data-elementor-id=\"228143\" class=\"elementor elementor-228143 elementor-224586\" data-elementor-post-type=\"page\">\n\t\t\t\t\t\t<section class=\"elementor-section elementor-top-section elementor-element elementor-element-075ab2e elementor-section-boxed elementor-section-height-default elementor-section-height-default\" data-id=\"075ab2e\" data-element_type=\"section\" data-e-type=\"section\">\n\t\t\t\t\t\t<div class=\"elementor-container elementor-column-gap-default\">\n\t\t\t\t\t<div class=\"elementor-column elementor-col-100 elementor-top-column elementor-element elementor-element-e2bc499\" data-id=\"e2bc499\" data-element_type=\"column\" data-e-type=\"column\">\n\t\t\t<div class=\"elementor-widget-wrap elementor-element-populated\">\n\t\t\t\t\t\t<div class=\"elementor-element elementor-element-cc8bb4a elementor-widget elementor-widget-text-editor\" data-id=\"cc8bb4a\" data-element_type=\"widget\" data-e-type=\"widget\" data-widget_type=\"text-editor.default\">\n\t\t\t\t<div class=\"elementor-widget-container\">\n\t\t\t\t\t\t\t\t\t<p>Descubre el complejo escolar Sainte Th\u00e9r\u00e8se en im\u00e1genes<\/p>\n\t\t\t\t\t\t\t\t<\/div>\n\t\t\t\t<\/div>\n\t\t\t\t\t<\/div>\n\t\t<\/div>\n\t\t\t\t\t<\/div>\n\t\t<\/section>\n\t\t\t\t<section class=\"elementor-section elementor-top-section elementor-element elementor-element-a8ae60f elementor-section-full_width elementor-section-height-default elementor-section-height-default\" data-id=\"a8ae60f\" data-element_type=\"section\" data-e-type=\"section\">\n\t\t\t\t\t\t<div class=\"elementor-container elementor-column-gap-default\">\n\t\t\t\t\t<div class=\"elementor-column elementor-col-100 elementor-top-column elementor-element elementor-element-d1c9300\" data-id=\"d1c9300\" data-element_type=\"column\" data-e-type=\"column\">\n\t\t\t<div class=\"elementor-widget-wrap elementor-element-populated\">\n\t\t\t\t\t\t<div class=\"elementor-element elementor-element-9d119a6 elementor-widget elementor-widget-html\" data-id=\"9d119a6\" data-element_type=\"widget\" data-e-type=\"widget\" data-widget_type=\"html.default\">\n\t\t\t\t<div class=\"elementor-widget-container\">\n\t\t\t\t\t<div class=\"h5p-iframe-wrapper\"><iframe id=\"h5p-iframe-1\" class=\"h5p-iframe\" data-content-id=\"1\" style=\"height:1px\" src=\"about:blank\" frameBorder=\"0\" scrolling=\"no\" title=\"Carte interactive\"><\/iframe><\/div>\n\t\t\t\t<\/div>\n\t\t\t\t<\/div>\n\t\t\t\t\t<\/div>\n\t\t<\/div>\n\t\t\t\t\t<\/div>\n\t\t<\/section>\n\t\t\t\t<\/div>\n\t\t","protected":false},"excerpt":{"rendered":"<p>Descubre el complejo escolar Sainte Th\u00e9r\u00e8se en im\u00e1genes<\/p>\n","protected":false},"author":4,"featured_media":0,"parent":0,"menu_order":0,"comment_status":"closed","ping_status":"closed","template":"elementor_header_footer","meta":{"footnotes":""},"class_list":["post-228143","page","type-page","status-publish","hentry"],"aioseo_notices":[],"_links":{"self":[{"href":"https:\/\/stsg.fr\/es\/wp-json\/wp\/v2\/pages\/228143","targetHints":{"allow":["GET"]}}],"collection":[{"href":"https:\/\/stsg.fr\/es\/wp-json\/wp\/v2\/pages"}],"about":[{"href":"https:\/\/stsg.fr\/es\/wp-json\/wp\/v2\/types\/page"}],"author":[{"embeddable":true,"href":"https:\/\/stsg.fr\/es\/wp-json\/wp\/v2\/users\/4"}],"replies":[{"embeddable":true,"href":"https:\/\/stsg.fr\/es\/wp-json\/wp\/v2\/comments?post=228143"}],"version-history":[{"count":2,"href":"https:\/\/stsg.fr\/es\/wp-json\/wp\/v2\/pages\/228143\/revisions"}],"predecessor-version":[{"id":228402,"href":"https:\/\/stsg.fr\/es\/wp-json\/wp\/v2\/pages\/228143\/revisions\/228402"}],"wp:attachment":[{"href":"https:\/\/stsg.fr\/es\/wp-json\/wp\/v2\/media?parent=228143"}],"curies":[{"name":"wp","href":"https:\/\/api.w.org\/{rel}","templated":true}]}}