{"id":228131,"date":"2022-03-02T09:26:11","date_gmt":"2022-03-02T08:26:11","guid":{"rendered":"https:\/\/stsg.fr\/menciones-legales\/"},"modified":"2023-03-31T11:05:21","modified_gmt":"2023-03-31T09:05:21","slug":"menciones-legales","status":"publish","type":"page","link":"https:\/\/stsg.fr\/es\/menciones-legales\/","title":{"rendered":"Menciones Legales"},"content":{"rendered":"\t\t<div data-elementor-type=\"wp-page\" data-elementor-id=\"228131\" class=\"elementor elementor-228131 elementor-224796\" data-elementor-post-type=\"page\">\n\t\t\t\t\t\t<section class=\"elementor-section elementor-top-section elementor-element elementor-element-ffdbd31 elementor-section-boxed elementor-section-height-default elementor-section-height-default\" data-id=\"ffdbd31\" data-element_type=\"section\" data-e-type=\"section\">\n\t\t\t\t\t\t<div class=\"elementor-container elementor-column-gap-default\">\n\t\t\t\t\t<div class=\"elementor-column elementor-col-100 elementor-top-column elementor-element elementor-element-4dac77a\" data-id=\"4dac77a\" data-element_type=\"column\" data-e-type=\"column\">\n\t\t\t<div class=\"elementor-widget-wrap elementor-element-populated\">\n\t\t\t\t\t\t<div class=\"elementor-element elementor-element-81b2b26 elementor-widget elementor-widget-text-editor\" data-id=\"81b2b26\" data-element_type=\"widget\" data-e-type=\"widget\" data-widget_type=\"text-editor.default\">\n\t\t\t\t<div class=\"elementor-widget-container\">\n\t\t\t\t\t\t\t\t\t<p>Lea atentamente las diferentes condiciones de uso de este sitio antes de navegar por sus p\u00e1ginas. Al conectarse a este sitio, acepta, sin reservas, los presentes t\u00e9rminos y condiciones.<\/p>\n<p>Asimismo, en conformidad con el art\u00edculo n\u00b06 de la Ley n\u00b02004-575, del 21 de junio de 2004, sobre la seguridad en la econom\u00eda digital, los responsables de este sitio web http:\/\/new.stsg.fr\/ son:<\/p>\n<p><strong>Redactor del sitio:<\/strong><\/p>\n<p>Asociaci\u00f3n declarada<br \/>N\u00famero de SIRET(CIF): 77684512500017<br \/>Responsable editorial: David Barde<br \/>16 rue du Bugatet 31800 Saint-Gaudens<br \/>Tel\u00e9fono: (+33) (0)5 62 00 95 10<u><br \/>Email: contact@stsg.fr<\/u><\/p>\n<p><strong>Alojamiento:<\/strong><\/p>\n<p>Gandi SAS <br \/>63, 65 Boulevard Massena 75013 Paris France<br \/>+33170377661<\/p>\n<p><strong>Programaci\u00f3n:<\/strong><\/p>\n<p>SARL Quai13<br \/>Direcci\u00f3n: 1 rue Elie Pelas 13016 Marseille<br \/>P\u00e1gina Web: https:\/\/quai13.com\/<\/p>\n<p><strong>Condiciones de uso:<\/strong><\/p>\n<p>Esta p\u00e1gina web (http:\/\/new.stsg.fr\/) se ofrece en diferentes lenguajes web (HTML, HTML5, Javascript, CSS, etc.) para mayor comodidad del usuario y gr\u00e1ficos m\u00e1s agradables.<\/p>\n<p>Le recomendamos que utilice navegadores modernos como Internet Explorer, Safari, Firefox, Google Chrome, etc.<\/p>\n<p>La agencia web <strong>https:\/\/www.quai13.com\/<\/strong> implementa todos los medios de los que dispone para garantizar una informaci\u00f3n de calidad y actualizaciones fiables de sus p\u00e1ginas web.<\/p>\n<p>Sin embargo, puede haber errores u omisiones Sin embargo, puede haber errores u omisiones. Por lo tanto, el usuario debe asegurarse de la exactitud de la informaci\u00f3n con el conjunto escolar de Saint-Th\u00e9r\u00e8se, e informar de cualquier modificaci\u00f3n de la p\u00e1gina web que estime \u00fatil. Quai13 no es en ning\u00fan caso responsable del uso que se haga de esta informaci\u00f3n, ni de los da\u00f1os directos o indirectos que pueda ocasionar.<\/p>\n<p><strong>Cookies<\/strong>: el sitio http:\/\/new.stsg.fr\/ puede solicitarle que acepte cookies con fines estad\u00edsticos y de visualizaci\u00f3n. Una <a href=\"https:\/\/www.anthedesign.fr\/autour-du-web\/cookie\/\">cookie<\/a> es &#8220;informaci\u00f3n guardada en su disco duro por el servidor del sitio que est\u00e1 visitando&#8221;.<\/p>\n<p>Contiene diferentes datos que se almacenan en un archivo de texto simple en su ordenador al que accede un servidor para leer y guardar informaci\u00f3n. Ciertas partes de esta p\u00e1gina web no son funcionales sin la aceptaci\u00f3n de las cookies.<\/p>\n<p><strong>Enlaces de hipertexto<\/strong>: Las p\u00e1ginas web pueden ofrecer enlaces a otros sitios web u recursos disponibles en Internet. El conjunto escolar Sainte-Th\u00e9r\u00e8se no dispone de medios para controlar las p\u00e1ginas web relacionadas con sus sitios web.<\/p>\n<p>L\u2019ensemble scolaire Sainte Th\u00e9r\u00e8se ne r\u00e9pond pas de la disponibilit\u00e9 de tels sites et sources externes, ni ne la garantit. No se hace responsable de los da\u00f1os y perjuicios, de cualquier naturaleza, que resulten del contenido de estas p\u00e1ginas o de fuentes ajenas, y en particular de la informaci\u00f3n, productos o servicios que ofrecen, o del uso que pueda hacerse de estos elementos. Los riesgos asociados a este uso son de entera responsabilidad del internauta, quien deber\u00e1 cumplir con sus condiciones de uso.<\/p>\n<p>En el caso de que un usuario o visitante desee crear un hiperv\u00ednculo relacionando una de las p\u00e1ginas web del conjunto escolar Sainte-Th\u00e9r\u00e8se, deber\u00e1 enviar por correo electr\u00f3nico una solicitud para requerir la implementaci\u00f3n de un hiperv\u00ednculo.<\/p>\n<p>El conjunto escolar Sainte-Th\u00e9r\u00e8se se reserva el derecho de aceptar o rechazar un hiperv\u00ednculo sin necesidad de justificar su decisi\u00f3n.<\/p>\n<p><strong>Prestaciones:<\/strong><\/p>\n<p>Todas las actividades de la empresa, as\u00ed como su informaci\u00f3n se presentan en nuestra p\u00e1gina El conjunto escolar Sainte-Th\u00e9r\u00e8se<\/p>\n<p>El conjunto escolar Sainte-Th\u00e9r\u00e8se se esfuerza por proporcionar a la p\u00e1gina web http:\/\/new.stsg.fr\/ la informaci\u00f3n m\u00e1s precisa posible. La informaci\u00f3n presente en la p\u00e1gina http:\/\/new.stsg.fr\/ no es exhaustiva y las fotos no son contractuales.<\/p>\n<p>Se proporcionan sujetas a las modificaciones que se hayan realizado desde que se compartieron en l\u00ednea. Asimismo, toda la informaci\u00f3n indicada en la p\u00e1gina http:\/\/new.stsg.fr\/ se ofrece a t\u00edtulo informativo y est\u00e1 sujeta a cambios o modificaciones sin previo aviso.<\/p>\n<p><strong>Limitaciones contractuales sobre los datos:<\/strong><\/p>\n<p>La informaci\u00f3n contenida en este sitio es lo m\u00e1s precisa posible. La p\u00e1gina se actualiza en diferentes \u00e9pocas del a\u00f1o. No obstante, puede contener inexactitudes u omisiones.<\/p>\n<p>Si constata una laguna, error o disfunci\u00f3n, le rogamos nos informe por correo electr\u00f3nico a contact@stsg.fr, describiendo el problema con la mayor precisi\u00f3n posible (p\u00e1gina problem\u00e1tica, tipo de ordenador y navegador utilizado&#8230;).<\/p>\n<p>Cualquier contenido descargado se realiza por cuenta y riesgo del usuario y bajo su exclusiva responsabilidad. En consecuencia, no se hace responsable de los da\u00f1os sufridos por la computadora del usuario o cualquier p\u00e9rdida de datos resultante de la descarga.<\/p>\n<p>Adem\u00e1s, el usuario del sitio se compromete a acceder al sitio utilizando equipos recientes, que no contengan virus y con un navegador actualizado de \u00faltima generaci\u00f3n.<\/p>\n<p>Los enlaces de hipertexto establecidos en el marco de este sitio web hacia otros recursos presentes en la red de Internet no pueden comprometer la responsabilidad del complejo escolar Sainte-Th\u00e9r\u00e8se.<\/p>\n<p><strong>Propiedad intelectual:<\/strong><\/p>\n<p>Todo el contenido de este sitio http:\/\/new.stsg.fr\/, incluidos, entre otros, gr\u00e1ficos, textos, videos, animaciones, sonidos, logotipos, gifs e \u00edconos, as\u00ed como su formato, son propiedad exclusiva de la empresa a excepci\u00f3n de las marcas, logotipos, im\u00e1genes o contenidos pertenecientes a otras empresas colaboradoras o autores.<\/p>\n<p><strong>Declaraci\u00f3n a la CNIL:<\/strong><\/p>\n<p>De conformidad con la ley 78-17 del 6 de enero de 1978 (modificada por la ley 2004-801 del 6 de agosto de 2004 sobre la protecci\u00f3n de las personas en lo que respecta al procesamiento de datos personales) relativa a la inform\u00e1tica, los archivos y las libertades, este sitio ha sido objeto de una declaraci\u00f3n 1656629 a la Comisi\u00f3n Nacional de Inform\u00e1tica y Libertades (www.cnil.fr).<a href=\"https:\/\/www.cnil.fr\/\">www.cnil.fr<\/a>).<\/p>\n<p><strong>Litigios:<\/strong><\/p>\n<p>Las presentes condiciones del sitio http:\/\/new.stsg.fr\/ se rigen por la legislaci\u00f3n francesa y cualquier controversia o litigio que pudiera derivarse de la interpretaci\u00f3n o ejecuci\u00f3n de las mismas ser\u00e1 competencia exclusiva de los tribunales de los que dependa la sede social de la empresa. El idioma de referencia para la resoluci\u00f3n de eventuales litigios es el franc\u00e9s.<\/p>\n<p><strong>Datos personales:<\/strong><\/p>\n<p>En manera general, no est\u00e1 obligado a comunicarnos sus datos personales cuando visita nuestro sitio web http:\/\/new.stsg.fr\/<\/p>\n<p>Sin embargo, este principio tiene ciertas excepciones. De hecho, para ciertos servicios ofrecidos por nuestro sitio, es posible que deba proporcionarnos ciertos datos, tales como: su nombre; su cargo; el nombre de su empresa; su direcci\u00f3n de correo electr\u00f3nico y su n\u00famero de tel\u00e9fono. Tal es el caso cuando completa el formulario que se le ofrece en l\u00ednea, en la secci\u00f3n &#8220;contacto&#8221;.<\/p>\n<p>En cualquier caso, puede negarse a proporcionar sus datos personales En este caso, no podr\u00e1 utilizar los servicios del sitio, en particular, solicitar informaci\u00f3n sobre nuestra empresa o recibir boletines.<\/p>\n<p>Finalmente, se le informa que podemos recopilar autom\u00e1ticamente cierta informaci\u00f3n sobre usted cuando navega por nuestro sitio web, en particular: informaci\u00f3n sobre el uso de nuestro sitio; las \u00e1reas que visita y los servicios a los que accede; su direcci\u00f3n IP; el tipo de su navegador y su tiempo de acceso.<\/p>\n<p>Dicha informaci\u00f3n se utiliza exclusivamente para fines estad\u00edsticos internos, a fin de mejorar la calidad de los servicios que se le ofrecen. Las bases de datos est\u00e1n protegidas por las disposiciones de la ley de 1 de julio de 1998 que transpone la directiva 96\/9 de 11 de marzo de 1996 relativa a la protecci\u00f3n jur\u00eddica de las bases de datos.<\/p><\/p>\n\t\t\t\t\t\t\t\t<\/div>\n\t\t\t\t<\/div>\n\t\t\t\t\t<\/div>\n\t\t<\/div>\n\t\t\t\t\t<\/div>\n\t\t<\/section>\n\t\t\t\t<\/div>\n\t\t","protected":false},"excerpt":{"rendered":"<p>Lea atentamente las diferentes condiciones de uso de este sitio antes de navegar por sus p\u00e1ginas. Al conectarse a este sitio, acepta, sin reservas, los presentes t\u00e9rminos y&#8230;<\/p>\n","protected":false},"author":4,"featured_media":0,"parent":0,"menu_order":0,"comment_status":"closed","ping_status":"closed","template":"","meta":{"footnotes":""},"class_list":["post-228131","page","type-page","status-publish","hentry"],"aioseo_notices":[],"_links":{"self":[{"href":"https:\/\/stsg.fr\/es\/wp-json\/wp\/v2\/pages\/228131","targetHints":{"allow":["GET"]}}],"collection":[{"href":"https:\/\/stsg.fr\/es\/wp-json\/wp\/v2\/pages"}],"about":[{"href":"https:\/\/stsg.fr\/es\/wp-json\/wp\/v2\/types\/page"}],"author":[{"embeddable":true,"href":"https:\/\/stsg.fr\/es\/wp-json\/wp\/v2\/users\/4"}],"replies":[{"embeddable":true,"href":"https:\/\/stsg.fr\/es\/wp-json\/wp\/v2\/comments?post=228131"}],"version-history":[{"count":3,"href":"https:\/\/stsg.fr\/es\/wp-json\/wp\/v2\/pages\/228131\/revisions"}],"predecessor-version":[{"id":228136,"href":"https:\/\/stsg.fr\/es\/wp-json\/wp\/v2\/pages\/228131\/revisions\/228136"}],"wp:attachment":[{"href":"https:\/\/stsg.fr\/es\/wp-json\/wp\/v2\/media?parent=228131"}],"curies":[{"name":"wp","href":"https:\/\/api.w.org\/{rel}","templated":true}]}}