{"id":228128,"date":"2022-03-02T14:22:18","date_gmt":"2022-03-02T13:22:18","guid":{"rendered":"https:\/\/stsg.fr\/apel\/"},"modified":"2023-04-12T12:19:12","modified_gmt":"2023-04-12T10:19:12","slug":"apel","status":"publish","type":"page","link":"https:\/\/stsg.fr\/es\/apel\/","title":{"rendered":"APEL"},"content":{"rendered":"<h4><img fetchpriority=\"high\" decoding=\"async\" class=\"alignnone size-full wp-image-227786\" src=\"https:\/\/stsg.fr\/wp-content\/uploads\/2023\/01\/IMG_20230125_183733_041.webp\" alt=\"\" width=\"691\" height=\"691\" srcset=\"https:\/\/stsg.fr\/wp-content\/uploads\/2023\/01\/IMG_20230125_183733_041.webp 691w, https:\/\/stsg.fr\/wp-content\/uploads\/2023\/01\/IMG_20230125_183733_041-300x300.webp 300w, https:\/\/stsg.fr\/wp-content\/uploads\/2023\/01\/IMG_20230125_183733_041-150x150.webp 150w\" sizes=\"(max-width: 691px) 100vw, 691px\" \/><img decoding=\"async\" class=\"alignnone size-full wp-image-227784\" src=\"https:\/\/stsg.fr\/wp-content\/uploads\/2023\/01\/IMG_20230125_183732_848.webp\" alt=\"\" width=\"720\" height=\"720\" srcset=\"https:\/\/stsg.fr\/wp-content\/uploads\/2023\/01\/IMG_20230125_183732_848.webp 720w, https:\/\/stsg.fr\/wp-content\/uploads\/2023\/01\/IMG_20230125_183732_848-300x300.webp 300w, https:\/\/stsg.fr\/wp-content\/uploads\/2023\/01\/IMG_20230125_183732_848-150x150.webp 150w\" sizes=\"(max-width: 720px) 100vw, 720px\" \/><\/h4>\n<h4><\/h4>\n<h4>Funcionamiento de APEL<\/h4>\n<p><span style=\"color: #333333;\">Las APEL (Asociaci\u00f3n de Padres de alumnos de la Ense\u00f1anza Libre) fueron creadas hace m\u00e1s de 80 a\u00f1os en Marsella por padres de alumnos que deseaban asociarse a la vida de los colegios de sus hijos<\/span><br \/>\n<span style=\"color: #333333;\">Cada d\u00eda, miles de voluntarios colaboran activamente en los proyectos educativos de los establecimientos. APEL est\u00e1 comprometida con el futuro de 2 millones de ni\u00f1os, cuyos padres han escogido conscientemente el centro escolar y su proyecto educativo.<\/span> <a href=\"https:\/\/www.youtube.com\/watch?v=3s77k5uF6zI\" target=\"_blank\" rel=\"noopener undefined noreferrer\" data-content=\"https:\/\/www.youtube.com\/watch?v=3s77k5uF6zI\" data-type=\"external\">Descubre el v\u00eddeo sobre la historia del APEL<\/a><\/p>\n<p><span style=\"color: #333333;\">El objetivo de la asociaci\u00f3n es representar a las familias ante las autoridades; permitir una ayuda rec\u00edproca ante las dificultades y apoyar la libertad de ense\u00f1anza.<\/span><\/p>\n<p><span style=\"color: #333333;\">Durante todo el a\u00f1o, si tiene dudas sobre la educaci\u00f3n de su hijo, estamos aqu\u00ed para responder a sus preguntas.<\/span><\/p>\n<p><img decoding=\"async\" src=\"https:\/\/stsg.fr\/wp-content\/uploads\/2022\/03\/plateform.jpg\" sizes=\"(max-width: 622px) 100vw, 622px\" srcset=\"https:\/\/stsg.fr\/wp-content\/uploads\/2022\/03\/plateform.jpg 622w, https:\/\/stsg.fr\/wp-content\/uploads\/2022\/03\/plateform-300x191.jpg 300w\" alt=\"\" width=\"622\" height=\"397\" \/><\/p>\n<style>\/*! elementor - v3.5.6 - 28-02-2022 *\/<br \/>.elementor-heading-title{padding:0;margin:0;line-height:1}.elementor-widget-heading .elementor-heading-title[class*=elementor-size-]>a{color:inherit;font-size:inherit;line-height:inherit}.elementor-widget-heading .elementor-heading-title.elementor-size-small{font-size:15px}.elementor-widget-heading .elementor-heading-title.elementor-size-medium{font-size:19px}.elementor-widget-heading .elementor-heading-title.elementor-size-large{font-size:29px}.elementor-widget-heading .elementor-heading-title.elementor-size-xl{font-size:39px}.elementor-widget-heading .elementor-heading-title.elementor-size-xxl{font-size:59px}<\/style>\n<h4>NUESTRO APEL<\/h4>\n<p><span style=\"color: #333333;\">Cada a\u00f1o, la A.P.E.L participa en la renovaci\u00f3n de material; el bienestar de los estudiantes; animaciones y mucho m\u00e1s. En el establecimiento Sainte-Th\u00e9r\u00e8se tratamos de traer nuestra buena voluntad e ideas desde Preescolar hasta la Educaci\u00f3n Secundaria Profesional.<\/span><\/p>\n<p><span style=\"color: #333333;\">Cada individuo aporta mucho a los dem\u00e1s. Tratamos de aprovechar todas las habilidades y talentos de nuestro equipo. Un pap\u00e1 manitas, una mam\u00e1 creativa, \u00a1otro deportista! Muy pr\u00e1ctico para organizar el CROSS anual o renovar el vest\u00edbulo del Instituto<\/span> \ud83d\ude42<\/p>\n<p><span style=\"color: #333333;\">Siempre encontrar\u00e1s tu lugar y derecho a expresarte para hacer vivir y evolucionar el centro.<\/span><\/p>\n<p><span style=\"color: #333333;\">Todos somos actores en la vida del establecimiento, al unirte a la asociaci\u00f3n te unes al coraz\u00f3n de la acci\u00f3n por tus hijos.<\/span><\/p>\n<p><img loading=\"lazy\" decoding=\"async\" src=\"https:\/\/stsg.fr\/wp-content\/uploads\/2022\/03\/apel-1-1-327x1024.jpg\" sizes=\"(max-width: 327px) 100vw, 327px\" srcset=\"https:\/\/stsg.fr\/wp-content\/uploads\/2022\/03\/apel-1-1-327x1024.jpg 327w, https:\/\/stsg.fr\/wp-content\/uploads\/2022\/03\/apel-1-1-96x300.jpg 96w, https:\/\/stsg.fr\/wp-content\/uploads\/2022\/03\/apel-1-1-491x1536.jpg 491w\" alt=\"\" width=\"327\" height=\"1024\" \/><\/p>\n","protected":false},"excerpt":{"rendered":"<p>Funcionamiento de APEL Las APEL (Asociaci\u00f3n de Padres de alumnos de la Ense\u00f1anza Libre) fueron creadas hace m\u00e1s de 80 a\u00f1os en Marsella por padres de alumnos que&#8230;<\/p>\n","protected":false},"author":4,"featured_media":0,"parent":0,"menu_order":0,"comment_status":"closed","ping_status":"closed","template":"","meta":{"footnotes":""},"class_list":["post-228128","page","type-page","status-publish","hentry"],"aioseo_notices":[],"_links":{"self":[{"href":"https:\/\/stsg.fr\/es\/wp-json\/wp\/v2\/pages\/228128","targetHints":{"allow":["GET"]}}],"collection":[{"href":"https:\/\/stsg.fr\/es\/wp-json\/wp\/v2\/pages"}],"about":[{"href":"https:\/\/stsg.fr\/es\/wp-json\/wp\/v2\/types\/page"}],"author":[{"embeddable":true,"href":"https:\/\/stsg.fr\/es\/wp-json\/wp\/v2\/users\/4"}],"replies":[{"embeddable":true,"href":"https:\/\/stsg.fr\/es\/wp-json\/wp\/v2\/comments?post=228128"}],"version-history":[{"count":1,"href":"https:\/\/stsg.fr\/es\/wp-json\/wp\/v2\/pages\/228128\/revisions"}],"predecessor-version":[{"id":228376,"href":"https:\/\/stsg.fr\/es\/wp-json\/wp\/v2\/pages\/228128\/revisions\/228376"}],"wp:attachment":[{"href":"https:\/\/stsg.fr\/es\/wp-json\/wp\/v2\/media?parent=228128"}],"curies":[{"name":"wp","href":"https:\/\/api.w.org\/{rel}","templated":true}]}}